{"id":500,"date":"2022-02-07T12:31:29","date_gmt":"2022-02-07T11:31:29","guid":{"rendered":"https:\/\/www.quicklemon.es\/horeca\/"},"modified":"2022-04-25T10:11:58","modified_gmt":"2022-04-25T08:11:58","slug":"horeca","status":"publish","type":"page","link":"https:\/\/www.quicklemon.es\/fr\/horeca\/","title":{"rendered":"Horeca"},"content":{"rendered":"\n<div class=\"content bmb--md\" >\n\t\t\t<div class=\"container\">\n\t\t\t\n\n<div class=\"row   bmb--xs\">\n\t\n\n\t<div class=\"column col-12 col-md-12 col-xl-12 vertical center gs-reveal\">\n\t\t\n\n<div class=\"wp-block-image\"><figure class=\"aligncenter size-full\"><img loading=\"lazy\" decoding=\"async\" width=\"242\" height=\"389\" src=\"https:\/\/www.quicklemon.es\/wp-content\/uploads\/2022\/02\/botellas-quicklemon.png\" alt=\"\" class=\"wp-image-9\" srcset=\"https:\/\/www.quicklemon.es\/wp-content\/uploads\/2022\/02\/botellas-quicklemon.png 242w, https:\/\/www.quicklemon.es\/wp-content\/uploads\/2022\/02\/botellas-quicklemon-187x300.png 187w\" sizes=\"auto, (max-width: 242px) 100vw, 242px\" \/><\/figure><\/div>\n\n\n\t<\/div>\n\n\n<\/div>\n\n\n<div class=\"row   \">\n\t\n\n\t<div class=\"column col-12 col-md-12 col-xl-12 gs-reveal\">\n\t\t\n\n<h1 class=\"has-text-align-center wp-block-heading\" id=\"horeca\">Horeca<\/h1>\n\n\n\t<\/div>\n\n\n<\/div>\n\n\t\t\t<\/div>\n\t\t<\/div>\n\n\n\n\n<div class=\"content bmb--md\" >\n\t\t\t<div class=\"container\">\n\t\t\t\n\n<div class=\"row   \">\n\t\n\n\t<div class=\"column col-12 col-md-12 col-xl-3\">\n\t\t\n\t<\/div>\n\n\n\n\t<div class=\"column col-12 col-md-12 col-xl-6\">\n\t\t\n\n<p>Sp\u00e9cialistes de la fabrication et du conditionnement de jus de citron et de lime, nous proposons nos jus de citron sous diff\u00e9rents formats afin de r\u00e9pondre aux besoins de tous nos clients, quel que soit leur secteur d\u2019activit\u00e9.<\/p>\n\n\n\n<p>Nous avons des formats con\u00e7us pour servir les bars, restaurants, discoth\u00e8ques, collectivit\u00e9s, h\u00f4tels, etc.<\/p>\n\n\n\n<p>Tous nos formats sont faciles \u00e0 manipuler, hygi\u00e9niques et permettent d\u2019\u00e9conomiser du temps et de l\u2019argent, tout en conservant toutes les propri\u00e9t\u00e9s du citron frais.<\/p>\n\n\n\t<\/div>\n\n\n\n\t<div class=\"column col-12 col-md-12 col-xl-3\">\n\t\t\n\t<\/div>\n\n\n<\/div>\n\n\t\t\t<\/div>\n\t\t<\/div>\n\n\n\n\n<div class=\"content bmb--md\" >\n\t\t\t<div class=\"container\">\n\t\t\t\n\n<h2 class=\"has-text-align-center wp-block-heading\" id=\"products\">Produits<\/h2>\n\n\n\t\t\t<\/div>\n\t\t<\/div>\n\n\n\n\n<div class=\"row   \">\n\t\n\n\t<div class=\"column col-12 col-md-6 col-xl-3\">\n\t\t\n\n<div class=\"product-card gs-fade-right\">\n\t<div class=\"product-card__thumb\">\n\t\t\t\t\t<img decoding=\"async\" src=\"https:\/\/www.quicklemon.es\/wp-content\/uploads\/2022\/02\/quicklemon-500.png\" alt=\"\">\n\t\t\t<\/div>\n\t<div class=\"product-card__title\">\n\t\t<h3>500 mL<\/h3>\n\t<\/div>\n\t<div class=\"product-card__envase\">\n\t\tPET\t<\/div>\n\t<!-- <a href=\"\"><\/a> -->\n<\/div>\n\n\n\t<\/div>\n\n\n\n\t<div class=\"column col-12 col-md-6 col-xl-3\">\n\t\t\n\n<div class=\"product-card gs-fade-left\">\n\t<div class=\"product-card__thumb\">\n\t\t\t\t\t<img decoding=\"async\" src=\"https:\/\/www.quicklemon.es\/wp-content\/uploads\/2022\/02\/quicklemon-1000.png\" alt=\"\">\n\t\t\t<\/div>\n\t<div class=\"product-card__title\">\n\t\t<h3>1000 mL<\/h3>\n\t<\/div>\n\t<div class=\"product-card__envase\">\n\t\tPET\t<\/div>\n\t<!-- <a href=\"\"><\/a> -->\n<\/div>\n\n\n\t<\/div>\n\n\n\n\t<div class=\"column col-12 col-md-6 col-xl-3\">\n\t\t\n\n<div class=\"product-card gs-fade-right\">\n\t<div class=\"product-card__thumb\">\n\t\t\t\t\t<img decoding=\"async\" src=\"https:\/\/www.quicklemon.es\/wp-content\/uploads\/2022\/02\/quicklemon-750-glass.png\" alt=\"\">\n\t\t\t<\/div>\n\t<div class=\"product-card__title\">\n\t\t<h3>750 mL<\/h3>\n\t<\/div>\n\t<div class=\"product-card__envase\">\n\t\tVERRE\t<\/div>\n\t<!-- <a href=\"\"><\/a> -->\n<\/div>\n\n\n\t<\/div>\n\n\n\n\t<div class=\"column col-12 col-md-6 col-xl-3\">\n\t\t\n\n<div class=\"product-card gs-fade-up\">\n\t<div class=\"product-card__thumb\">\n\t\t\t\t\t<img decoding=\"async\" src=\"https:\/\/www.quicklemon.es\/wp-content\/uploads\/2022\/02\/quicklemon-3000.png\" alt=\"\">\n\t\t\t<\/div>\n\t<div class=\"product-card__title\">\n\t\t<h3>3000 mL<\/h3>\n\t<\/div>\n\t<div class=\"product-card__envase\">\n\t\tPET\t<\/div>\n\t<!-- <a href=\"\"><\/a> -->\n<\/div>\n\n\n\t<\/div>\n\n\n\n\t<div class=\"column col-12 col-md-6 col-xl-3\">\n\t\t\n\n<div class=\"product-card gs-fade-right\">\n\t<div class=\"product-card__thumb\">\n\t\t\t\t\t<img decoding=\"async\" src=\"https:\/\/www.quicklemon.es\/wp-content\/uploads\/2022\/02\/quicklime-500.png\" alt=\"\">\n\t\t\t<\/div>\n\t<div class=\"product-card__title\">\n\t\t<h3>500 mL<\/h3>\n\t<\/div>\n\t<div class=\"product-card__envase\">\n\t\tPET\t<\/div>\n\t<!-- <a href=\"\"><\/a> -->\n<\/div>\n\n\n\t<\/div>\n\n\n\n\t<div class=\"column col-12 col-md-6 col-xl-3\">\n\t\t\n\n<div class=\"product-card gs-fade-left\">\n\t<div class=\"product-card__thumb\">\n\t\t\t\t\t<img decoding=\"async\" src=\"https:\/\/www.quicklemon.es\/wp-content\/uploads\/2022\/02\/quicklime-1000.png\" alt=\"\">\n\t\t\t<\/div>\n\t<div class=\"product-card__title\">\n\t\t<h3>1000 mL<\/h3>\n\t<\/div>\n\t<div class=\"product-card__envase\">\n\t\tPET\t<\/div>\n\t<!-- <a href=\"\"><\/a> -->\n<\/div>\n\n\n\t<\/div>\n\n\n<\/div>\n\n\n<div class=\"content gs-fade-up\" >\n\t\t\t<div class=\"container\">\n\t\t\t\n\n<h2 class=\"has-text-align-center wp-block-heading\" id=\"get-in-touch-with-us\">Contactez-nous<\/h2>\n\n\n\t\t\t<\/div>\n\t\t<\/div>\n\n\n\n\n<div class=\"content bmb--xl gs-fade-up\" >\n\t\t\t<div class=\"container\">\n\t\t\t\n\n<div class=\"row   \">\n\t\n\n\t<div class=\"column col-12 col-md-6 col-xl-3\">\n\t\t\n\t<\/div>\n\n\n\n\t<div class=\"column col-12 col-md-6 col-xl-6\">\n\t\t\n\n<div class=\"wpcf7 no-js\" id=\"wpcf7-f584-o1\" lang=\"es-ES\" dir=\"ltr\" data-wpcf7-id=\"584\">\n<div class=\"screen-reader-response\"><p role=\"status\" aria-live=\"polite\" aria-atomic=\"true\"><\/p> <ul><\/ul><\/div>\n<form action=\"\/fr\/wp-json\/wp\/v2\/pages\/500#wpcf7-f584-o1\" method=\"post\" class=\"wpcf7-form init\" aria-label=\"Formulario de contacto\" novalidate=\"novalidate\" data-status=\"init\">\n<fieldset class=\"hidden-fields-container\"><input type=\"hidden\" name=\"_wpcf7\" value=\"584\" \/><input type=\"hidden\" name=\"_wpcf7_version\" value=\"6.1.5\" \/><input type=\"hidden\" name=\"_wpcf7_locale\" value=\"es_ES\" \/><input type=\"hidden\" name=\"_wpcf7_unit_tag\" value=\"wpcf7-f584-o1\" \/><input type=\"hidden\" name=\"_wpcf7_container_post\" value=\"0\" \/><input type=\"hidden\" name=\"_wpcf7_posted_data_hash\" value=\"\" \/><input type=\"hidden\" name=\"_wpcf7_recaptcha_response\" value=\"\" \/>\n<\/fieldset>\n<div class=\"forms\">\n\t<div class=\"forms__row\">\n\t\t<div class=\"wpcf7-response-output\" aria-hidden=\"true\"><\/div>\n\t<\/div>\n\t<div class=\"forms__row\">\n\t\t<span class=\"wpcf7-form-control-wrap\" data-name=\"nombre\"><input size=\"40\" maxlength=\"400\" class=\"wpcf7-form-control wpcf7-text wpcf7-validates-as-required\" aria-required=\"true\" aria-invalid=\"false\" placeholder=\"Nom *\" value=\"\" type=\"text\" name=\"nombre\" \/><\/span>\n\t<\/div>\n\t<div class=\"forms__row\">\n\t\t<span class=\"wpcf7-form-control-wrap\" data-name=\"correo\"><input size=\"40\" maxlength=\"400\" class=\"wpcf7-form-control wpcf7-email wpcf7-validates-as-required wpcf7-text wpcf7-validates-as-email\" aria-required=\"true\" aria-invalid=\"false\" placeholder=\"Adresse \u00e9lectronique *\" value=\"\" type=\"email\" name=\"correo\" \/><\/span>\n\t<\/div>\n\t<div class=\"forms__row\">\n\t\t<span class=\"wpcf7-form-control-wrap\" data-name=\"asunto\"><textarea cols=\"40\" rows=\"10\" maxlength=\"2000\" class=\"wpcf7-form-control wpcf7-textarea wpcf7-validates-as-required\" aria-required=\"true\" aria-invalid=\"false\" placeholder=\"Objet *\" name=\"asunto\"><\/textarea><\/span>\n\t<\/div>\n\t<div class=\"forms__row\">\n\t\t<div class=\"row\">\n\t\t\t<div class=\"col-12 col-xl-3\">\n\t\t\t\t<button type=\"submit\" class=\"wpcf7-form-control wpcf7-submit\">Envoyer<span class=\"submit__icon\"><\/span><\/button>\n\t\t\t\t\n\t\t\t<\/div>\n\t\t\t<div class=\"col-12 col-xl-9\">\n\t\t\t\t<div class=\"row \">\n\t\t\t\t\t<div class=\"col-12 forms__aceptance \">\n\t\t\t\t\t\t<span class=\"wpcf7-form-control-wrap\" data-name=\"politica\"><span class=\"wpcf7-form-control wpcf7-acceptance\"><span class=\"wpcf7-list-item\"><input type=\"checkbox\" name=\"politica\" value=\"1\" aria-invalid=\"false\" \/><\/span><\/span><\/span> J\u2019ai lu et j\u2019accepte la &nbsp;<a href=\"https:\/\/www.quicklemon.es\/fr\/politique-de-confidentialite\/\" target=\"_blank\">politique de confidentialit\u00e9<\/a>.\n\t\t\t\t\t<\/div>\n\t\t\t\t<\/div>\n\t\t\t\t<div class=\"row forms__obliga\">\n\t\t\t\t\t<div class=\"col-12 \">\n\t\t\t\t\t\t*Tous les champs sont obligatoires\n\t\t\t\t\t<\/div>\n\t\t\t\t<\/div>\n\t\t\t<\/div>\n\t\t<\/div>\n\t<\/div>\n\t<div class=\"forms__row forms__politics\">DERIVADOS CITRICOS, S.A. will process your personal data in order to respond to the requests made. You can exercise your rights of access, rectification, deletion and portability of your data, of limitation and opposition to its treatment, as well as not to be subject to decisions based solely on the automated treatment of your data, when appropriate, by writing to email address info@derivadoscitricos.com.<\/div>\n<\/div><p style=\"display: none !important;\" class=\"akismet-fields-container\" data-prefix=\"_wpcf7_ak_\"><label>&#916;<textarea name=\"_wpcf7_ak_hp_textarea\" cols=\"45\" rows=\"8\" maxlength=\"100\"><\/textarea><\/label><input type=\"hidden\" id=\"ak_js_1\" name=\"_wpcf7_ak_js\" value=\"87\"\/><script type=\"text\/javascript\">\n\/* <![CDATA[ *\/\ndocument.getElementById( \"ak_js_1\" ).setAttribute( \"value\", ( new Date() ).getTime() );\n\/* ]]> *\/\n<\/script>\n<\/p>\n<\/form>\n<\/div>\n\n\n\n\t<\/div>\n\n\n\n\t<div class=\"column col-12 col-md-6 col-xl-3\">\n\t\t\n\t<\/div>\n\n\n<\/div>\n\n\t\t\t<\/div>\n\t\t<\/div>\n\n","protected":false},"excerpt":{"rendered":"","protected":false},"author":3,"featured_media":0,"parent":0,"menu_order":0,"comment_status":"closed","ping_status":"closed","template":"","meta":{"_acf_changed":false,"footnotes":""},"class_list":["post-500","page","type-page","status-publish","hentry"],"acf":[],"yoast_head":"<!-- This site is optimized with the Yoast SEO plugin v27.5 - https:\/\/yoast.com\/product\/yoast-seo-wordpress\/ -->\n<title>Horeca - Quicklemon<\/title>\n<meta name=\"robots\" content=\"index, follow, max-snippet:-1, max-image-preview:large, max-video-preview:-1\" \/>\n<link rel=\"canonical\" href=\"https:\/\/www.quicklemon.es\/fr\/horeca\/\" \/>\n<meta property=\"og:locale\" content=\"fr_FR\" \/>\n<meta property=\"og:type\" content=\"article\" \/>\n<meta property=\"og:title\" content=\"Horeca - Quicklemon\" \/>\n<meta property=\"og:url\" content=\"https:\/\/www.quicklemon.es\/fr\/horeca\/\" \/>\n<meta property=\"og:site_name\" content=\"Quicklemon\" \/>\n<meta property=\"article:publisher\" content=\"https:\/\/www.facebook.com\/Quicklemon\" \/>\n<meta property=\"article:modified_time\" content=\"2022-04-25T08:11:58+00:00\" \/>\n<meta property=\"og:image\" content=\"https:\/\/www.quicklemon.es\/wp-content\/uploads\/2022\/02\/botellas-quicklemon.png\" \/>\n<meta name=\"twitter:card\" content=\"summary_large_image\" \/>\n<script type=\"application\/ld+json\" class=\"yoast-schema-graph\">{\"@context\":\"https:\\\/\\\/schema.org\",\"@graph\":[{\"@type\":\"WebPage\",\"@id\":\"https:\\\/\\\/www.quicklemon.es\\\/fr\\\/horeca\\\/\",\"url\":\"https:\\\/\\\/www.quicklemon.es\\\/fr\\\/horeca\\\/\",\"name\":\"Horeca - Quicklemon\",\"isPartOf\":{\"@id\":\"https:\\\/\\\/www.quicklemon.es\\\/fr\\\/#website\"},\"primaryImageOfPage\":{\"@id\":\"https:\\\/\\\/www.quicklemon.es\\\/fr\\\/horeca\\\/#primaryimage\"},\"image\":{\"@id\":\"https:\\\/\\\/www.quicklemon.es\\\/fr\\\/horeca\\\/#primaryimage\"},\"thumbnailUrl\":\"https:\\\/\\\/www.quicklemon.es\\\/wp-content\\\/uploads\\\/2022\\\/02\\\/botellas-quicklemon.png\",\"datePublished\":\"2022-02-07T11:31:29+00:00\",\"dateModified\":\"2022-04-25T08:11:58+00:00\",\"breadcrumb\":{\"@id\":\"https:\\\/\\\/www.quicklemon.es\\\/fr\\\/horeca\\\/#breadcrumb\"},\"inLanguage\":\"fr-FR\",\"potentialAction\":[{\"@type\":\"ReadAction\",\"target\":[\"https:\\\/\\\/www.quicklemon.es\\\/fr\\\/horeca\\\/\"]}]},{\"@type\":\"ImageObject\",\"inLanguage\":\"fr-FR\",\"@id\":\"https:\\\/\\\/www.quicklemon.es\\\/fr\\\/horeca\\\/#primaryimage\",\"url\":\"https:\\\/\\\/www.quicklemon.es\\\/wp-content\\\/uploads\\\/2022\\\/02\\\/botellas-quicklemon.png\",\"contentUrl\":\"https:\\\/\\\/www.quicklemon.es\\\/wp-content\\\/uploads\\\/2022\\\/02\\\/botellas-quicklemon.png\"},{\"@type\":\"BreadcrumbList\",\"@id\":\"https:\\\/\\\/www.quicklemon.es\\\/fr\\\/horeca\\\/#breadcrumb\",\"itemListElement\":[{\"@type\":\"ListItem\",\"position\":1,\"name\":\"Portada\",\"item\":\"https:\\\/\\\/www.quicklemon.es\\\/fr\\\/\"},{\"@type\":\"ListItem\",\"position\":2,\"name\":\"Horeca\"}]},{\"@type\":\"WebSite\",\"@id\":\"https:\\\/\\\/www.quicklemon.es\\\/fr\\\/#website\",\"url\":\"https:\\\/\\\/www.quicklemon.es\\\/fr\\\/\",\"name\":\"Quicklemon\",\"description\":\"\",\"potentialAction\":[{\"@type\":\"SearchAction\",\"target\":{\"@type\":\"EntryPoint\",\"urlTemplate\":\"https:\\\/\\\/www.quicklemon.es\\\/fr\\\/?s={search_term_string}\"},\"query-input\":{\"@type\":\"PropertyValueSpecification\",\"valueRequired\":true,\"valueName\":\"search_term_string\"}}],\"inLanguage\":\"fr-FR\"}]}<\/script>\n<!-- \/ Yoast SEO plugin. -->","yoast_head_json":{"title":"Horeca - Quicklemon","robots":{"index":"index","follow":"follow","max-snippet":"max-snippet:-1","max-image-preview":"max-image-preview:large","max-video-preview":"max-video-preview:-1"},"canonical":"https:\/\/www.quicklemon.es\/fr\/horeca\/","og_locale":"fr_FR","og_type":"article","og_title":"Horeca - Quicklemon","og_url":"https:\/\/www.quicklemon.es\/fr\/horeca\/","og_site_name":"Quicklemon","article_publisher":"https:\/\/www.facebook.com\/Quicklemon","article_modified_time":"2022-04-25T08:11:58+00:00","og_image":[{"url":"https:\/\/www.quicklemon.es\/wp-content\/uploads\/2022\/02\/botellas-quicklemon.png","type":"","width":"","height":""}],"twitter_card":"summary_large_image","schema":{"@context":"https:\/\/schema.org","@graph":[{"@type":"WebPage","@id":"https:\/\/www.quicklemon.es\/fr\/horeca\/","url":"https:\/\/www.quicklemon.es\/fr\/horeca\/","name":"Horeca - Quicklemon","isPartOf":{"@id":"https:\/\/www.quicklemon.es\/fr\/#website"},"primaryImageOfPage":{"@id":"https:\/\/www.quicklemon.es\/fr\/horeca\/#primaryimage"},"image":{"@id":"https:\/\/www.quicklemon.es\/fr\/horeca\/#primaryimage"},"thumbnailUrl":"https:\/\/www.quicklemon.es\/wp-content\/uploads\/2022\/02\/botellas-quicklemon.png","datePublished":"2022-02-07T11:31:29+00:00","dateModified":"2022-04-25T08:11:58+00:00","breadcrumb":{"@id":"https:\/\/www.quicklemon.es\/fr\/horeca\/#breadcrumb"},"inLanguage":"fr-FR","potentialAction":[{"@type":"ReadAction","target":["https:\/\/www.quicklemon.es\/fr\/horeca\/"]}]},{"@type":"ImageObject","inLanguage":"fr-FR","@id":"https:\/\/www.quicklemon.es\/fr\/horeca\/#primaryimage","url":"https:\/\/www.quicklemon.es\/wp-content\/uploads\/2022\/02\/botellas-quicklemon.png","contentUrl":"https:\/\/www.quicklemon.es\/wp-content\/uploads\/2022\/02\/botellas-quicklemon.png"},{"@type":"BreadcrumbList","@id":"https:\/\/www.quicklemon.es\/fr\/horeca\/#breadcrumb","itemListElement":[{"@type":"ListItem","position":1,"name":"Portada","item":"https:\/\/www.quicklemon.es\/fr\/"},{"@type":"ListItem","position":2,"name":"Horeca"}]},{"@type":"WebSite","@id":"https:\/\/www.quicklemon.es\/fr\/#website","url":"https:\/\/www.quicklemon.es\/fr\/","name":"Quicklemon","description":"","potentialAction":[{"@type":"SearchAction","target":{"@type":"EntryPoint","urlTemplate":"https:\/\/www.quicklemon.es\/fr\/?s={search_term_string}"},"query-input":{"@type":"PropertyValueSpecification","valueRequired":true,"valueName":"search_term_string"}}],"inLanguage":"fr-FR"}]}},"_links":{"self":[{"href":"https:\/\/www.quicklemon.es\/fr\/wp-json\/wp\/v2\/pages\/500","targetHints":{"allow":["GET"]}}],"collection":[{"href":"https:\/\/www.quicklemon.es\/fr\/wp-json\/wp\/v2\/pages"}],"about":[{"href":"https:\/\/www.quicklemon.es\/fr\/wp-json\/wp\/v2\/types\/page"}],"author":[{"embeddable":true,"href":"https:\/\/www.quicklemon.es\/fr\/wp-json\/wp\/v2\/users\/3"}],"replies":[{"embeddable":true,"href":"https:\/\/www.quicklemon.es\/fr\/wp-json\/wp\/v2\/comments?post=500"}],"version-history":[{"count":3,"href":"https:\/\/www.quicklemon.es\/fr\/wp-json\/wp\/v2\/pages\/500\/revisions"}],"predecessor-version":[{"id":585,"href":"https:\/\/www.quicklemon.es\/fr\/wp-json\/wp\/v2\/pages\/500\/revisions\/585"}],"wp:attachment":[{"href":"https:\/\/www.quicklemon.es\/fr\/wp-json\/wp\/v2\/media?parent=500"}],"curies":[{"name":"wp","href":"https:\/\/api.w.org\/{rel}","templated":true}]}}