{"id":483,"date":"2022-02-07T11:41:04","date_gmt":"2022-02-07T10:41:04","guid":{"rendered":"https:\/\/www.quicklemon.es\/home\/"},"modified":"2022-05-03T10:59:23","modified_gmt":"2022-05-03T08:59:23","slug":"home","status":"publish","type":"page","link":"https:\/\/www.quicklemon.es\/fr\/","title":{"rendered":"Home"},"content":{"rendered":"\n<div class=\"content bmb--md\" >\n\t\t\t<div class=\"container\">\n\t\t\t\n<div class=\"page_header\">\n\t<div class=\"page_header__bg\">\n\t\t<img decoding=\"async\" src=\"https:\/\/www.quicklemon.es\/wp-content\/themes\/quicklemon\/assets\/images\/quicklemon-gota.png\" alt=\"quicklemon\">\n\t<\/div>\n\n\t<div class=\"page_header__title\">\n\t\t\n\n<h1 class=\"has-text-align-center wp-block-heading\" id=\"squeezed-lemon-100-natural\"><strong><u>Citron press\u00e9&nbsp;100% naturel<\/u><\/strong><\/h1>\n\n\n\t<\/div>\n\n<\/div>\n\n\t\t\t<\/div>\n\t\t<\/div>\n\n\n\n\n<div class=\"content bmb--md\" >\n\t\t\t<div class=\"container\">\n\t\t\t\n\n<div class=\"row   \">\n\t\n\n\t<div class=\"column col-12 col-md-6 col-xl-6 vertical center\">\n\t\t\n\n<div class=\"wp-block-image\"><figure class=\"aligncenter size-full\"><img loading=\"lazy\" decoding=\"async\" width=\"349\" height=\"560\" src=\"https:\/\/www.quicklemon.es\/wp-content\/uploads\/2022\/02\/home-bottles.png\" alt=\"\" class=\"wp-image-114\" srcset=\"https:\/\/www.quicklemon.es\/wp-content\/uploads\/2022\/02\/home-bottles.png 349w, https:\/\/www.quicklemon.es\/wp-content\/uploads\/2022\/02\/home-bottles-187x300.png 187w\" sizes=\"auto, (max-width: 349px) 100vw, 349px\" \/><\/figure><\/div>\n\n\n\t<\/div>\n\n\n\n\t<div class=\"column col-12 col-md-6 col-xl-4 vertical left\">\n\t\t\n\n<h2 class=\"has-text-align-left wp-block-heading\" id=\"express-the-positive-side-of-life\"><strong>Exprime le c\u00f4t\u00e9 positif de la vie<\/strong><\/h2>\n\n\n\n<p>Avec toute l\u2019\u00e9nergie et le go\u00fbt du citron press\u00e9 100% naturel, pr\u00eat \u00e0 l\u2019emploi et \u00e0 savourer.<\/p>\n\n\n\n<a class=\"button\" href=\"https:\/\/www.quicklemon.es\/fr\/quicklemon\/\" >Afficher les formats<span class=\"arrow_icon\"><span><\/a>\n\n\t<\/div>\n\n\n<\/div>\n\n\t\t\t<\/div>\n\t\t<\/div>\n\n\n\n\n<div class=\"content bpt--xs bpb--xs\" >\n\t\t\t<div class=\"container\">\n\t\t\t\n\n<h2 class=\"has-text-align-center wp-block-heading\" id=\"quicklemon-an-irreplaceable-ingredient\">Quicklemon, seulement citron<\/h2>\n\n\n\t\t\t<\/div>\n\t\t<\/div>\n\n\n\n\n<div class=\"content bmb--md\" >\n\t\t\t\n\n<div class=\"row gap-none gap-home  \">\n\t\n\n\t<div class=\"column col-12 col-md-6 col-xl-6 order--0 gs-fade-left\">\n\t\t\n\n<figure class=\"wp-block-image size-large\"><img loading=\"lazy\" decoding=\"async\" width=\"1024\" height=\"472\" src=\"https:\/\/www.quicklemon.es\/wp-content\/uploads\/2022\/02\/quicklemon-foto-home-1-1024x472.png\" alt=\"\" class=\"wp-image-125\" srcset=\"https:\/\/www.quicklemon.es\/wp-content\/uploads\/2022\/02\/quicklemon-foto-home-1-1024x472.png 1024w, https:\/\/www.quicklemon.es\/wp-content\/uploads\/2022\/02\/quicklemon-foto-home-1-300x138.png 300w, https:\/\/www.quicklemon.es\/wp-content\/uploads\/2022\/02\/quicklemon-foto-home-1-768x354.png 768w, https:\/\/www.quicklemon.es\/wp-content\/uploads\/2022\/02\/quicklemon-foto-home-1.png 1080w\" sizes=\"auto, (max-width: 1024px) 100vw, 1024px\" \/><\/figure>\n\n\n\t<\/div>\n\n\n\n\t<div class=\"column col-12 col-md-6 col-xl-6 order--1 vertical center bg--green-fifty gs-fade-right\">\n\t\t\n\n<h3 class=\"wp-block-heading\" id=\"rich-source-of-vitamin-c-protects-your-body-from-deficiencies-of-your-immune-system\"><strong>Source de vitamine C, renforce tes d\u00e9fenses!<\/strong><\/h3>\n\n\n\t<\/div>\n\n\n\n\t<div class=\"column col-12 col-md-6 col-xl-6 order--3 vertical center bg--green gs-fade-left\">\n\t\t\n\n<h3 class=\"wp-block-heading\" id=\"perfect-to-use-in-your-appetizers-meals-desserts-and-cocktails-easy-to-use-fast-and-natural\">Facile \u00e0 utiliser, rapide et naturel.<\/h3>\n\n\n\t<\/div>\n\n\n\n\t<div class=\"column col-12 col-md-6 col-xl-6 order--2 gs-fade-right\">\n\t\t\n\n<figure class=\"wp-block-image size-large\"><img loading=\"lazy\" decoding=\"async\" width=\"1024\" height=\"472\" src=\"https:\/\/www.quicklemon.es\/wp-content\/uploads\/2022\/02\/quicklemon-foto-home-2-1024x472.png\" alt=\"\" class=\"wp-image-127\" srcset=\"https:\/\/www.quicklemon.es\/wp-content\/uploads\/2022\/02\/quicklemon-foto-home-2-1024x472.png 1024w, https:\/\/www.quicklemon.es\/wp-content\/uploads\/2022\/02\/quicklemon-foto-home-2-300x138.png 300w, https:\/\/www.quicklemon.es\/wp-content\/uploads\/2022\/02\/quicklemon-foto-home-2-768x354.png 768w, https:\/\/www.quicklemon.es\/wp-content\/uploads\/2022\/02\/quicklemon-foto-home-2.png 1080w\" sizes=\"auto, (max-width: 1024px) 100vw, 1024px\" \/><\/figure>\n\n\n\t<\/div>\n\n\n\n\t<div class=\"column col-12 col-md-6 col-xl-6 order--4 gs-fade-left\">\n\t\t\n\n<figure class=\"wp-block-image size-large\"><img loading=\"lazy\" decoding=\"async\" width=\"1024\" height=\"472\" src=\"https:\/\/www.quicklemon.es\/wp-content\/uploads\/2022\/02\/quicklemon-foto-home-3-1024x472.png\" alt=\"\" class=\"wp-image-128\" srcset=\"https:\/\/www.quicklemon.es\/wp-content\/uploads\/2022\/02\/quicklemon-foto-home-3-1024x472.png 1024w, https:\/\/www.quicklemon.es\/wp-content\/uploads\/2022\/02\/quicklemon-foto-home-3-300x138.png 300w, https:\/\/www.quicklemon.es\/wp-content\/uploads\/2022\/02\/quicklemon-foto-home-3-768x354.png 768w, https:\/\/www.quicklemon.es\/wp-content\/uploads\/2022\/02\/quicklemon-foto-home-3.png 1080w\" sizes=\"auto, (max-width: 1024px) 100vw, 1024px\" \/><\/figure>\n\n\n\t<\/div>\n\n\n\n\t<div class=\"column col-12 col-md-6 col-xl-6 order--5 vertical center bg--light-green gs-fade-right\">\n\t\t\n\n<h3 class=\"wp-block-heading\" id=\"kilos-of-lemon-juice-in-a-single-container\">Environ un kilo de citrons dans une seule bouteille. Il reste frais jusqu\u00b4\u00e0 40 jours au frigo.<\/h3>\n\n\n\t<\/div>\n\n\n<\/div>\n\n\t\t<\/div>\n\n\n\n\n<div class=\"content bmb--md\" >\n\t\t\t<div class=\"container\">\n\t\t\t\n\n<h2 class=\"has-text-align-center wp-block-heading\" id=\"how-we-make-natural-lemon-juice-quicklemon\">Comment nous faisons le jus de citron naturel QuickLemon<\/h2>\n\n\n\t\t\t<\/div>\n\t\t<\/div>\n\n\n\n\n<div class=\"content bmb--md\" >\n\t\t\t<div class=\"container\">\n\t\t\t\n\n<div class=\"row   \">\n\t\n\n\t<div class=\"column col-12 col-md-12 col-xl-12\">\n\t\t\n\n<figure class=\"wp-block-image size-large\"><img loading=\"lazy\" decoding=\"async\" width=\"1024\" height=\"413\" src=\"https:\/\/www.quicklemon.es\/wp-content\/uploads\/2022\/04\/quicklemon-proceso-fr-1024x413.jpg\" alt=\"\" class=\"wp-image-588\" srcset=\"https:\/\/www.quicklemon.es\/wp-content\/uploads\/2022\/04\/quicklemon-proceso-fr-1024x413.jpg 1024w, https:\/\/www.quicklemon.es\/wp-content\/uploads\/2022\/04\/quicklemon-proceso-fr-300x121.jpg 300w, https:\/\/www.quicklemon.es\/wp-content\/uploads\/2022\/04\/quicklemon-proceso-fr-768x310.jpg 768w, https:\/\/www.quicklemon.es\/wp-content\/uploads\/2022\/04\/quicklemon-proceso-fr.jpg 1320w\" sizes=\"auto, (max-width: 1024px) 100vw, 1024px\" \/><\/figure>\n\n\n\t<\/div>\n\n\n<\/div>\n\n\t\t\t<\/div>\n\t\t<\/div>\n\n\n\n\n<div class=\"content bmb--md gs-reveal\" >\n\t\t\t<div class=\"container\">\n\t\t\t\n\n<div class=\"video\">\n\t\t<!-- <div id=\"block_6176935544faa\" class=\"video-plyr\" data-plyr-provider=\"youtube\" data-plyr-embed-id=\"uX9HTbUwt1w\"><\/div> -->\n\n\t\t<div class=\"youtube-player\" data-id=\"uX9HTbUwt1w\" data-related=\"0\" data-control=\"1\" data-info=\"0\" data-fullscreen=\"1\"><img decoding=\"async\" class=\"placeholder\" src=\"https:\/\/www.quicklemon.es\/wp-content\/uploads\/2022\/03\/portada-video-quicklemon.jpg\">\n\t\t\t<div class=\"play-button\"><\/div>\n\t\t<\/div>\n<\/div>\n\n\t\t\t<\/div>\n\t\t<\/div>\n\n\n\n\n<div class=\"content\" >\n\t\t\t\n\n<div class=\"row   \">\n\t\n\n\t<div class=\"column col-12 col-md-12 col-xl-12 gs-reveal\">\n\t\t\n\n<figure class=\"wp-block-image alignfull size-large\"><img loading=\"lazy\" decoding=\"async\" width=\"1024\" height=\"565\" src=\"https:\/\/www.quicklemon.es\/wp-content\/uploads\/2022\/02\/quicklemon-slider-completo-3-1024x565.png\" alt=\"\" class=\"wp-image-133\" srcset=\"https:\/\/www.quicklemon.es\/wp-content\/uploads\/2022\/02\/quicklemon-slider-completo-3-1024x565.png 1024w, https:\/\/www.quicklemon.es\/wp-content\/uploads\/2022\/02\/quicklemon-slider-completo-3-300x166.png 300w, https:\/\/www.quicklemon.es\/wp-content\/uploads\/2022\/02\/quicklemon-slider-completo-3-768x424.png 768w, https:\/\/www.quicklemon.es\/wp-content\/uploads\/2022\/02\/quicklemon-slider-completo-3-1536x848.png 1536w, https:\/\/www.quicklemon.es\/wp-content\/uploads\/2022\/02\/quicklemon-slider-completo-3.png 1920w\" sizes=\"auto, (max-width: 1024px) 100vw, 1024px\" \/><\/figure>\n\n\n\t<\/div>\n\n\n<\/div>\n\n\t\t<\/div>\n\n\n\n\n<div class=\"content bmb--xl bpt--md bpb--md bg--yellow\" >\n\t\t\t<div class=\"container\">\n\t\t\t\n\n<div class=\"row   \">\n\t\n\n\t<div class=\"column col-12 col-md-12 col-xl-12 gs-fade-up\">\n\t\t\n\n<p class=\"has-large-font-size\">QuickLemon est le compagnon id\u00e9al pour tes repas et r\u00e9unions entre amis. Repas, desserts, p\u00e2tisseries, boissons, cocktails. A tout moment, du jus de citron \u00e0 ta port\u00e9e.<\/p>\n\n\n\t<\/div>\n\n\n<\/div>\n\n\t\t\t<\/div>\n\t\t<\/div>\n\n\n\n\n<div class=\"content bmb--md gs-fade-up\" >\n\t\t\t<div class=\"container\">\n\t\t\t\n\n<h2 class=\"has-text-align-center wp-block-heading\" id=\"news-recipes\"><strong>Nouvelles &amp; Recettes<\/strong><\/h2>\n\n\n\t\t\t<\/div>\n\t\t<\/div>\n\n\n\n\n<div class=\"content bmb--xl gs-reveal\" >\n\t\t\t\n\n<div id=\"block_618e4b21e9e91\" class=\"swiper news\">\n\t\t\t<!-- <div class=\"news__container\"> -->\n\t\t\t<div class=\"news__panel swiper-wrapper\">\n\t\t\t\t\t\t\t\t\t\n\n<div class=\"swiper-slide post__card\">\n\t<div class=\"post__card__thumb\">\n\t\t<a href=\"https:\/\/www.quicklemon.es\/fr\/tartines-a-lavocat\/\">\n\t\t\t\t\t\t\t<img decoding=\"async\" src=\"https:\/\/www.quicklemon.es\/wp-content\/uploads\/2022\/04\/avocat-detalle.jpg\" alt=\"Tartines \u00e0 l\u2019avocat\">\n\t\t\t\t\t<\/a>\n\t<\/div>\n\t<div class=\"post__card__data\">\n\t\t<div class=\"post__card__title\"><a href=\"https:\/\/www.quicklemon.es\/fr\/tartines-a-lavocat\/\"><h3>Tartines \u00e0 l\u2019avocat<\/h3><\/a><\/div>\n\t\t<div class=\"post__card__date\">25 avril 2022<\/div>\n\t\t<div class=\"post__card__cats\">\n\t\t\t\t<ul>\n\t\t\t\t\t\t\t\t\t\t\t\t\t\t\t\t\t<li>Recettes<\/li>\t\t\t\t\t\n\t\t\t\t\t\t\t\t\t<\/ul>\n\t\t<\/div>\n\n\t<\/div>\n<\/div>\t\t\t\t\t\t\t\t\t\n\n<div class=\"swiper-slide post__card\">\n\t<div class=\"post__card__thumb\">\n\t\t<a href=\"https:\/\/www.quicklemon.es\/fr\/aubergine-hummus\/\">\n\t\t\t\t\t\t\t<img decoding=\"async\" src=\"https:\/\/www.quicklemon.es\/wp-content\/uploads\/2022\/04\/Aubergine-Hummus-Lemon-Recipes-1024x576.jpg\" alt=\"Aubergine Hummus\">\n\t\t\t\t\t<\/a>\n\t<\/div>\n\t<div class=\"post__card__data\">\n\t\t<div class=\"post__card__title\"><a href=\"https:\/\/www.quicklemon.es\/fr\/aubergine-hummus\/\"><h3>Aubergine Hummus<\/h3><\/a><\/div>\n\t\t<div class=\"post__card__date\">10 f\u00e9vrier 2022<\/div>\n\t\t<div class=\"post__card__cats\">\n\t\t\t\t<ul>\n\t\t\t\t\t\t\t\t\t\t\t\t\t\t\t\t\t<li>Recettes<\/li>\t\t\t\t\t\n\t\t\t\t\t\t\t\t\t<\/ul>\n\t\t<\/div>\n\n\t<\/div>\n<\/div>\t\t\t\t\t\t\t\t\t\n\n<div class=\"swiper-slide post__card\">\n\t<div class=\"post__card__thumb\">\n\t\t<a href=\"https:\/\/www.quicklemon.es\/fr\/cinnamon-infused-milk-lemon-cake\/\">\n\t\t\t\t\t\t\t<img decoding=\"async\" src=\"https:\/\/www.quicklemon.es\/wp-content\/uploads\/2022\/04\/Cinnamon-infused-Milk-Lemon-cake-Lemon-recipes-1024x576.jpg\" alt=\"Tarta froide au lait avec de la cannelle et du citron\">\n\t\t\t\t\t<\/a>\n\t<\/div>\n\t<div class=\"post__card__data\">\n\t\t<div class=\"post__card__title\"><a href=\"https:\/\/www.quicklemon.es\/fr\/cinnamon-infused-milk-lemon-cake\/\"><h3>Tarta froide au lait avec de la cannelle et du citron<\/h3><\/a><\/div>\n\t\t<div class=\"post__card__date\">22 juillet 2021<\/div>\n\t\t<div class=\"post__card__cats\">\n\t\t\t\t<ul>\n\t\t\t\t\t\t\t\t\t\t\t\t\t\t\t\t\t<li>Recettes<\/li>\t\t\t\t\t\n\t\t\t\t\t\t\t\t\t<\/ul>\n\t\t<\/div>\n\n\t<\/div>\n<\/div>\t\t\t\t\t\t\t\t\t\n\n<div class=\"swiper-slide post__card\">\n\t<div class=\"post__card__thumb\">\n\t\t<a href=\"https:\/\/www.quicklemon.es\/fr\/leche-frita\/\">\n\t\t\t\t\t\t\t<img decoding=\"async\" src=\"https:\/\/www.quicklemon.es\/wp-content\/uploads\/2021\/04\/Leche-frita-Lemon-recipes-1-1024x639.jpg\" alt=\"Lait frit ou \u00ab\u00a0leche frita\u00a0\u00bb\">\n\t\t\t\t\t<\/a>\n\t<\/div>\n\t<div class=\"post__card__data\">\n\t\t<div class=\"post__card__title\"><a href=\"https:\/\/www.quicklemon.es\/fr\/leche-frita\/\"><h3>Lait frit ou \u00ab\u00a0leche frita\u00a0\u00bb<\/h3><\/a><\/div>\n\t\t<div class=\"post__card__date\">6 avril 2021<\/div>\n\t\t<div class=\"post__card__cats\">\n\t\t\t\t<ul>\n\t\t\t\t\t\t\t\t\t\t\t\t\t\t\t\t\t<li>Recettes<\/li>\t\t\t\t\t\n\t\t\t\t\t\t\t\t\t<\/ul>\n\t\t<\/div>\n\n\t<\/div>\n<\/div>\t\t\t\t\t\t\t\t\t\n\n<div class=\"swiper-slide post__card\">\n\t<div class=\"post__card__thumb\">\n\t\t<a href=\"https:\/\/www.quicklemon.es\/fr\/lemon-lime-croissants\/\">\n\t\t\t\t\t\t\t<img decoding=\"async\" src=\"https:\/\/www.quicklemon.es\/wp-content\/uploads\/2022\/04\/Lemon-lime-croissants-lemon-recipes-1024x576.jpg\" alt=\"Croissants au citron vert\">\n\t\t\t\t\t<\/a>\n\t<\/div>\n\t<div class=\"post__card__data\">\n\t\t<div class=\"post__card__title\"><a href=\"https:\/\/www.quicklemon.es\/fr\/lemon-lime-croissants\/\"><h3>Croissants au citron vert<\/h3><\/a><\/div>\n\t\t<div class=\"post__card__date\">8 janvier 2021<\/div>\n\t\t<div class=\"post__card__cats\">\n\t\t\t\t<ul>\n\t\t\t\t\t\t\t\t\t\t\t\t\t\t\t\t\t<li>Recettes<\/li>\t\t\t\t\t\n\t\t\t\t\t\t\t\t\t<\/ul>\n\t\t<\/div>\n\n\t<\/div>\n<\/div>\t\t\t\t\t\t\t\t\t\n\n<div class=\"swiper-slide post__card\">\n\t<div class=\"post__card__thumb\">\n\t\t<a href=\"https:\/\/www.quicklemon.es\/fr\/russian-salad\/\">\n\t\t\t\t\t\t\t<img decoding=\"async\" src=\"https:\/\/www.quicklemon.es\/wp-content\/uploads\/2022\/04\/Russian-salad-Lemon-recipes-1024x576.jpg\" alt=\"Salade russe au poulet avec une touche de QuickLemon.\">\n\t\t\t\t\t<\/a>\n\t<\/div>\n\t<div class=\"post__card__data\">\n\t\t<div class=\"post__card__title\"><a href=\"https:\/\/www.quicklemon.es\/fr\/russian-salad\/\"><h3>Salade russe au poulet avec une touche de QuickLemon.<\/h3><\/a><\/div>\n\t\t<div class=\"post__card__date\">17 ao\u00fbt 2020<\/div>\n\t\t<div class=\"post__card__cats\">\n\t\t\t\t<ul>\n\t\t\t\t\t\t\t\t\t\t\t\t\t\t\t\t\t<li>Recettes<\/li>\t\t\t\t\t\n\t\t\t\t\t\t\t\t\t<\/ul>\n\t\t<\/div>\n\n\t<\/div>\n<\/div>\t\t\t\t\t\t\t\t\t\n\n<div class=\"swiper-slide post__card\">\n\t<div class=\"post__card__thumb\">\n\t\t<a href=\"https:\/\/www.quicklemon.es\/fr\/chicken-tagine\/\">\n\t\t\t\t\t\t\t<img decoding=\"async\" src=\"https:\/\/www.quicklemon.es\/wp-content\/uploads\/2022\/04\/Chicken-Tagine-Lemon-recipes-1024x576.jpg\" alt=\"Tajine de poulet\">\n\t\t\t\t\t<\/a>\n\t<\/div>\n\t<div class=\"post__card__data\">\n\t\t<div class=\"post__card__title\"><a href=\"https:\/\/www.quicklemon.es\/fr\/chicken-tagine\/\"><h3>Tajine de poulet<\/h3><\/a><\/div>\n\t\t<div class=\"post__card__date\">13 f\u00e9vrier 2020<\/div>\n\t\t<div class=\"post__card__cats\">\n\t\t\t\t<ul>\n\t\t\t\t\t\t\t\t\t\t\t\t\t\t\t\t\t<li>Recettes<\/li>\t\t\t\t\t\n\t\t\t\t\t\t\t\t\t<\/ul>\n\t\t<\/div>\n\n\t<\/div>\n<\/div>\t\t\t\t\t\t\t\t\t\n\n<div class=\"swiper-slide post__card\">\n\t<div class=\"post__card__thumb\">\n\t\t<a href=\"https:\/\/www.quicklemon.es\/fr\/gulfood-2015-2\/\">\n\t\t\t\t\t\t\t<img decoding=\"async\" src=\"https:\/\/www.quicklemon.es\/wp-content\/uploads\/2022\/04\/Imagen-6-1-e1646307497301.jpg\" alt=\"Gulfood 2015\">\n\t\t\t\t\t<\/a>\n\t<\/div>\n\t<div class=\"post__card__data\">\n\t\t<div class=\"post__card__title\"><a href=\"https:\/\/www.quicklemon.es\/fr\/gulfood-2015-2\/\"><h3>Gulfood 2015<\/h3><\/a><\/div>\n\t\t<div class=\"post__card__date\">22 f\u00e9vrier 2015<\/div>\n\t\t<div class=\"post__card__cats\">\n\t\t\t\t<ul>\n\t\t\t\t\t\t\t\t\t\t\t\t\t\t\t\t\t<li>Nouvelles<\/li>\t\t\t\t\t\n\t\t\t\t\t\t\t\t\t<\/ul>\n\t\t<\/div>\n\n\t<\/div>\n<\/div>\t\t\t\t\t\t\t\t\t\n\n<div class=\"swiper-slide post__card\">\n\t<div class=\"post__card__thumb\">\n\t\t<a href=\"https:\/\/www.quicklemon.es\/fr\/fhc-chine-2014\/\">\n\t\t\t\t\t\t\t<img decoding=\"async\" src=\"https:\/\/www.quicklemon.es\/wp-content\/uploads\/2022\/04\/Imagen-rebeca-e1646307398868.jpg\" alt=\"FHC Chine 2014\">\n\t\t\t\t\t<\/a>\n\t<\/div>\n\t<div class=\"post__card__data\">\n\t\t<div class=\"post__card__title\"><a href=\"https:\/\/www.quicklemon.es\/fr\/fhc-chine-2014\/\"><h3>FHC Chine 2014<\/h3><\/a><\/div>\n\t\t<div class=\"post__card__date\">20 d\u00e9cembre 2014<\/div>\n\t\t<div class=\"post__card__cats\">\n\t\t\t\t<ul>\n\t\t\t\t\t\t\t\t\t\t\t\t\t\t\t\t\t<li>Nouvelles<\/li>\t\t\t\t\t\n\t\t\t\t\t\t\t\t\t<\/ul>\n\t\t<\/div>\n\n\t<\/div>\n<\/div>\t\t\t\t\t\t\t\t\t\n\n<div class=\"swiper-slide post__card\">\n\t<div class=\"post__card__thumb\">\n\t\t<a href=\"https:\/\/www.quicklemon.es\/fr\/summer-fancy-food-show-new-york-june-2014-2\/\">\n\t\t\t\t\t\t\t<img decoding=\"async\" src=\"https:\/\/www.quicklemon.es\/wp-content\/uploads\/2022\/04\/Imagen-9-e1646306987921.jpg\" alt=\"Summer Fancy Food New York, Juin 2014\">\n\t\t\t\t\t<\/a>\n\t<\/div>\n\t<div class=\"post__card__data\">\n\t\t<div class=\"post__card__title\"><a href=\"https:\/\/www.quicklemon.es\/fr\/summer-fancy-food-show-new-york-june-2014-2\/\"><h3>Summer Fancy Food New York, Juin 2014<\/h3><\/a><\/div>\n\t\t<div class=\"post__card__date\">21 juin 2014<\/div>\n\t\t<div class=\"post__card__cats\">\n\t\t\t\t<ul>\n\t\t\t\t\t\t\t\t\t\t\t\t\t\t\t\t\t<li>Nouvelles<\/li>\t\t\t\t\t\n\t\t\t\t\t\t\t\t\t<\/ul>\n\t\t<\/div>\n\n\t<\/div>\n<\/div>\t\t\t\t\t\t\t<\/div>\n\t\t<!-- <\/div> -->\n\t<\/div>\n\n\n\n\t\t<\/div>\n\n","protected":false},"excerpt":{"rendered":"","protected":false},"author":3,"featured_media":0,"parent":0,"menu_order":0,"comment_status":"closed","ping_status":"closed","template":"","meta":{"_acf_changed":false,"footnotes":""},"class_list":["post-483","page","type-page","status-publish","hentry"],"acf":[],"yoast_head":"<!-- This site is optimized with the Yoast SEO plugin v27.3 - https:\/\/yoast.com\/product\/yoast-seo-wordpress\/ -->\n<title>Quicklemon<\/title>\n<meta name=\"robots\" content=\"index, follow, max-snippet:-1, max-image-preview:large, max-video-preview:-1\" \/>\n<link rel=\"canonical\" href=\"https:\/\/www.quicklemon.es\/fr\/\" \/>\n<meta property=\"og:locale\" content=\"fr_FR\" \/>\n<meta property=\"og:type\" content=\"article\" \/>\n<meta property=\"og:title\" content=\"Quicklemon\" \/>\n<meta property=\"og:url\" content=\"https:\/\/www.quicklemon.es\/fr\/\" \/>\n<meta property=\"og:site_name\" content=\"Quicklemon\" \/>\n<meta property=\"article:publisher\" content=\"https:\/\/www.facebook.com\/Quicklemon\" \/>\n<meta property=\"article:modified_time\" content=\"2022-05-03T08:59:23+00:00\" \/>\n<meta property=\"og:image\" content=\"https:\/\/www.quicklemon.es\/wp-content\/uploads\/2022\/02\/home-bottles.png\" \/>\n<meta name=\"twitter:card\" content=\"summary_large_image\" \/>\n<meta name=\"twitter:label1\" content=\"Dur\u00e9e de lecture estim\u00e9e\" \/>\n\t<meta name=\"twitter:data1\" content=\"2 minutes\" \/>\n<script type=\"application\/ld+json\" class=\"yoast-schema-graph\">{\"@context\":\"https:\\\/\\\/schema.org\",\"@graph\":[{\"@type\":\"WebPage\",\"@id\":\"https:\\\/\\\/www.quicklemon.es\\\/fr\\\/\",\"url\":\"https:\\\/\\\/www.quicklemon.es\\\/fr\\\/\",\"name\":\"Quicklemon\",\"isPartOf\":{\"@id\":\"https:\\\/\\\/www.quicklemon.es\\\/fr\\\/#website\"},\"primaryImageOfPage\":{\"@id\":\"https:\\\/\\\/www.quicklemon.es\\\/fr\\\/#primaryimage\"},\"image\":{\"@id\":\"https:\\\/\\\/www.quicklemon.es\\\/fr\\\/#primaryimage\"},\"thumbnailUrl\":\"https:\\\/\\\/www.quicklemon.es\\\/wp-content\\\/uploads\\\/2022\\\/02\\\/home-bottles.png\",\"datePublished\":\"2022-02-07T10:41:04+00:00\",\"dateModified\":\"2022-05-03T08:59:23+00:00\",\"breadcrumb\":{\"@id\":\"https:\\\/\\\/www.quicklemon.es\\\/fr\\\/#breadcrumb\"},\"inLanguage\":\"fr-FR\",\"potentialAction\":[{\"@type\":\"ReadAction\",\"target\":[\"https:\\\/\\\/www.quicklemon.es\\\/fr\\\/\"]}]},{\"@type\":\"ImageObject\",\"inLanguage\":\"fr-FR\",\"@id\":\"https:\\\/\\\/www.quicklemon.es\\\/fr\\\/#primaryimage\",\"url\":\"https:\\\/\\\/www.quicklemon.es\\\/wp-content\\\/uploads\\\/2022\\\/02\\\/home-bottles.png\",\"contentUrl\":\"https:\\\/\\\/www.quicklemon.es\\\/wp-content\\\/uploads\\\/2022\\\/02\\\/home-bottles.png\"},{\"@type\":\"BreadcrumbList\",\"@id\":\"https:\\\/\\\/www.quicklemon.es\\\/fr\\\/#breadcrumb\",\"itemListElement\":[{\"@type\":\"ListItem\",\"position\":1,\"name\":\"Portada\",\"item\":\"https:\\\/\\\/www.quicklemon.es\\\/fr\\\/\"},{\"@type\":\"ListItem\",\"position\":2,\"name\":\"Home\"}]},{\"@type\":\"WebSite\",\"@id\":\"https:\\\/\\\/www.quicklemon.es\\\/fr\\\/#website\",\"url\":\"https:\\\/\\\/www.quicklemon.es\\\/fr\\\/\",\"name\":\"Quicklemon\",\"description\":\"\",\"potentialAction\":[{\"@type\":\"SearchAction\",\"target\":{\"@type\":\"EntryPoint\",\"urlTemplate\":\"https:\\\/\\\/www.quicklemon.es\\\/fr\\\/?s={search_term_string}\"},\"query-input\":{\"@type\":\"PropertyValueSpecification\",\"valueRequired\":true,\"valueName\":\"search_term_string\"}}],\"inLanguage\":\"fr-FR\"}]}<\/script>\n<!-- \/ Yoast SEO plugin. -->","yoast_head_json":{"title":"Quicklemon","robots":{"index":"index","follow":"follow","max-snippet":"max-snippet:-1","max-image-preview":"max-image-preview:large","max-video-preview":"max-video-preview:-1"},"canonical":"https:\/\/www.quicklemon.es\/fr\/","og_locale":"fr_FR","og_type":"article","og_title":"Quicklemon","og_url":"https:\/\/www.quicklemon.es\/fr\/","og_site_name":"Quicklemon","article_publisher":"https:\/\/www.facebook.com\/Quicklemon","article_modified_time":"2022-05-03T08:59:23+00:00","og_image":[{"url":"https:\/\/www.quicklemon.es\/wp-content\/uploads\/2022\/02\/home-bottles.png","type":"","width":"","height":""}],"twitter_card":"summary_large_image","twitter_misc":{"Dur\u00e9e de lecture estim\u00e9e":"2 minutes"},"schema":{"@context":"https:\/\/schema.org","@graph":[{"@type":"WebPage","@id":"https:\/\/www.quicklemon.es\/fr\/","url":"https:\/\/www.quicklemon.es\/fr\/","name":"Quicklemon","isPartOf":{"@id":"https:\/\/www.quicklemon.es\/fr\/#website"},"primaryImageOfPage":{"@id":"https:\/\/www.quicklemon.es\/fr\/#primaryimage"},"image":{"@id":"https:\/\/www.quicklemon.es\/fr\/#primaryimage"},"thumbnailUrl":"https:\/\/www.quicklemon.es\/wp-content\/uploads\/2022\/02\/home-bottles.png","datePublished":"2022-02-07T10:41:04+00:00","dateModified":"2022-05-03T08:59:23+00:00","breadcrumb":{"@id":"https:\/\/www.quicklemon.es\/fr\/#breadcrumb"},"inLanguage":"fr-FR","potentialAction":[{"@type":"ReadAction","target":["https:\/\/www.quicklemon.es\/fr\/"]}]},{"@type":"ImageObject","inLanguage":"fr-FR","@id":"https:\/\/www.quicklemon.es\/fr\/#primaryimage","url":"https:\/\/www.quicklemon.es\/wp-content\/uploads\/2022\/02\/home-bottles.png","contentUrl":"https:\/\/www.quicklemon.es\/wp-content\/uploads\/2022\/02\/home-bottles.png"},{"@type":"BreadcrumbList","@id":"https:\/\/www.quicklemon.es\/fr\/#breadcrumb","itemListElement":[{"@type":"ListItem","position":1,"name":"Portada","item":"https:\/\/www.quicklemon.es\/fr\/"},{"@type":"ListItem","position":2,"name":"Home"}]},{"@type":"WebSite","@id":"https:\/\/www.quicklemon.es\/fr\/#website","url":"https:\/\/www.quicklemon.es\/fr\/","name":"Quicklemon","description":"","potentialAction":[{"@type":"SearchAction","target":{"@type":"EntryPoint","urlTemplate":"https:\/\/www.quicklemon.es\/fr\/?s={search_term_string}"},"query-input":{"@type":"PropertyValueSpecification","valueRequired":true,"valueName":"search_term_string"}}],"inLanguage":"fr-FR"}]}},"_links":{"self":[{"href":"https:\/\/www.quicklemon.es\/fr\/wp-json\/wp\/v2\/pages\/483","targetHints":{"allow":["GET"]}}],"collection":[{"href":"https:\/\/www.quicklemon.es\/fr\/wp-json\/wp\/v2\/pages"}],"about":[{"href":"https:\/\/www.quicklemon.es\/fr\/wp-json\/wp\/v2\/types\/page"}],"author":[{"embeddable":true,"href":"https:\/\/www.quicklemon.es\/fr\/wp-json\/wp\/v2\/users\/3"}],"replies":[{"embeddable":true,"href":"https:\/\/www.quicklemon.es\/fr\/wp-json\/wp\/v2\/comments?post=483"}],"version-history":[{"count":8,"href":"https:\/\/www.quicklemon.es\/fr\/wp-json\/wp\/v2\/pages\/483\/revisions"}],"predecessor-version":[{"id":615,"href":"https:\/\/www.quicklemon.es\/fr\/wp-json\/wp\/v2\/pages\/483\/revisions\/615"}],"wp:attachment":[{"href":"https:\/\/www.quicklemon.es\/fr\/wp-json\/wp\/v2\/media?parent=483"}],"curies":[{"name":"wp","href":"https:\/\/api.w.org\/{rel}","templated":true}]}}